{"id":2356,"date":"2022-01-21T13:38:14","date_gmt":"2022-01-21T13:38:14","guid":{"rendered":"http:\/\/heliosfaros.hr\/investitori\/glavne-skupstine\/"},"modified":"2024-06-04T09:40:16","modified_gmt":"2024-06-04T09:40:16","slug":"glavne-skupstine","status":"publish","type":"page","link":"https:\/\/heliosfaros.hr\/en\/investitori\/glavne-skupstine\/","title":{"rendered":"General Assembly"},"content":{"rendered":"<div class=\"wpb-content-wrapper\"><p>[vc_row][vc_column]<div class=\"text-block \" ><div class=\"simple-text \"><h2><strong>General Assembly 24.11.2020.\u00a0<\/strong><\/h2>\n<p>&nbsp;<\/p>\n<p><a href=\"http:\/\/heliosfaros.hr\/wp-content\/uploads\/2022\/01\/Obrazac-glasanje-pisanim-putem-GS-2020-1.docx\">Obrazac-glasanje-pisanim-putem-GS-2020 (1)<\/a><\/p>\n<p><a href=\"http:\/\/heliosfaros.hr\/wp-content\/uploads\/2022\/01\/Obrazac-prijave-dionicara-za-sudjelovanje-na-Glavnoj-skupstini-2020.docx\">Obrazac-prijave-dionicara-za-sudjelovanje-na-Glavnoj-skupstini-2020<\/a><\/p>\n<p><a href=\"http:\/\/heliosfaros.hr\/wp-content\/uploads\/2022\/01\/Obrazac-prijave-opunomocenika-dionicara-za-sudjelovanje-na-Glavnoj-skupstini-2020.docx\">Obrazac-prijave-opunomocenika-dionicara-za-sudjelovanje-na-Glavnoj-skupstini-2020<\/a><\/p>\n<p><a href=\"http:\/\/heliosfaros.hr\/wp-content\/uploads\/2022\/01\/Poziv-na-Glavnu-skupstinu-24-11-2020.pdf\">Poziv na Glavnu skupstinu 24-11-2020<\/a><\/p>\n<p><a href=\"http:\/\/heliosfaros.hr\/wp-content\/uploads\/2022\/01\/Odluke-Glavne-skup\u0161tine-24-11-2020.pdf\">Odluke Glavne skup\u0161tine 24-11-2020<\/a><\/p>\n<\/div><\/div>[\/vc_column][\/vc_row][vc_row][vc_column]<div class=\"text-block \" ><div class=\"simple-text \"><h2><strong>General Assembly 29.06.2021.\u00a0<\/strong><\/h2>\n<p>&nbsp;<\/p>\n<p><a href=\"http:\/\/heliosfaros.hr\/wp-content\/uploads\/2022\/01\/Obrazac-prijave-dioni\u010dara-za-sudjelovanje-na-Glavnoj-skup\u0161tini-2021.docx\">Obrazac-prijave-dioni\u010dara-za-sudjelovanje-na-Glavnoj-skup\u0161tini-2021<\/a><\/p>\n<p><a href=\"http:\/\/heliosfaros.hr\/wp-content\/uploads\/2022\/01\/Obrazac-prijave-opunomo\u0107enika-dioni\u010dara-za-sudjelovanje-na-Glavnoj-skup\u0161tini-2021.docx\">Obrazac-prijave-opunomo\u0107enika-dioni\u010dara-za-sudjelovanje-na-Glavnoj-skup\u0161tini-2021<\/a><\/p>\n<p><a href=\"http:\/\/heliosfaros.hr\/wp-content\/uploads\/2022\/01\/Poziv-za-Glavnu-skup\u0161tinu-29.06.2021..pdf\">Poziv-za-Glavnu-skup\u0161tinu-29.06.2021.<\/a><\/p>\n<p><a href=\"http:\/\/heliosfaros.hr\/wp-content\/uploads\/2022\/01\/Odluke-Glavne-skup\u0161tine-29.06.2021..pdf\">Odluke Glavne skup\u0161tine &#8211; 29.06.2021.<\/a><\/p>\n<\/div><\/div>[\/vc_column][\/vc_row]<\/p>\n<\/div>","protected":false},"excerpt":{"rendered":"<p>[vc_row][vc_column][\/vc_column][\/vc_row][vc_row][vc_column][\/vc_column][\/vc_row]<\/p>\n","protected":false},"author":1,"featured_media":0,"parent":2352,"menu_order":0,"comment_status":"closed","ping_status":"closed","template":"","meta":{"footnotes":""},"class_list":["post-2356","page","type-page","status-publish","hentry"],"yoast_head":"<!-- This site is optimized with the Yoast SEO plugin v27.2 - https:\/\/yoast.com\/product\/yoast-seo-wordpress\/ -->\n<title>General Assembly - Helios Faros<\/title>\n<meta name=\"description\" content=\"Helios Faros d.d. - General assemblies\" \/>\n<meta name=\"robots\" content=\"index, follow, max-snippet:-1, max-image-preview:large, max-video-preview:-1\" \/>\n<link rel=\"canonical\" href=\"https:\/\/heliosfaros.hr\/en\/investitori\/glavne-skupstine\/\" \/>\n<meta property=\"og:locale\" content=\"en_US\" \/>\n<meta property=\"og:type\" content=\"article\" \/>\n<meta property=\"og:title\" content=\"General Assembly - Helios Faros\" \/>\n<meta property=\"og:description\" content=\"Helios Faros d.d. - General assemblies\" \/>\n<meta property=\"og:url\" content=\"https:\/\/heliosfaros.hr\/en\/investitori\/glavne-skupstine\/\" \/>\n<meta property=\"og:site_name\" content=\"Helios Faros\" \/>\n<meta property=\"article:modified_time\" content=\"2024-06-04T09:40:16+00:00\" \/>\n<meta name=\"twitter:card\" content=\"summary_large_image\" \/>\n<script type=\"application\/ld+json\" class=\"yoast-schema-graph\">{\"@context\":\"https:\/\/schema.org\",\"@graph\":[{\"@type\":\"WebPage\",\"@id\":\"https:\/\/heliosfaros.hr\/en\/investitori\/glavne-skupstine\/\",\"url\":\"https:\/\/heliosfaros.hr\/en\/investitori\/glavne-skupstine\/\",\"name\":\"General Assembly - Helios Faros\",\"isPartOf\":{\"@id\":\"https:\/\/heliosfaros.hr\/#website\"},\"datePublished\":\"2022-01-21T13:38:14+00:00\",\"dateModified\":\"2024-06-04T09:40:16+00:00\",\"description\":\"Helios Faros d.d. - General assemblies\",\"breadcrumb\":{\"@id\":\"https:\/\/heliosfaros.hr\/en\/investitori\/glavne-skupstine\/#breadcrumb\"},\"inLanguage\":\"en-US\",\"potentialAction\":[{\"@type\":\"ReadAction\",\"target\":[\"https:\/\/heliosfaros.hr\/en\/investitori\/glavne-skupstine\/\"]}]},{\"@type\":\"BreadcrumbList\",\"@id\":\"https:\/\/heliosfaros.hr\/en\/investitori\/glavne-skupstine\/#breadcrumb\",\"itemListElement\":[{\"@type\":\"ListItem\",\"position\":1,\"name\":\"Home\",\"item\":\"https:\/\/heliosfaros.hr\/en\/\"},{\"@type\":\"ListItem\",\"position\":2,\"name\":\"Investors\",\"item\":\"https:\/\/heliosfaros.hr\/en\/investitori\/\"},{\"@type\":\"ListItem\",\"position\":3,\"name\":\"General Assembly\"}]},{\"@type\":\"WebSite\",\"@id\":\"https:\/\/heliosfaros.hr\/#website\",\"url\":\"https:\/\/heliosfaros.hr\/\",\"name\":\"Helios Faros\",\"description\":\"Stari Grad - Hvar\",\"potentialAction\":[{\"@type\":\"SearchAction\",\"target\":{\"@type\":\"EntryPoint\",\"urlTemplate\":\"https:\/\/heliosfaros.hr\/?s={search_term_string}\"},\"query-input\":{\"@type\":\"PropertyValueSpecification\",\"valueRequired\":true,\"valueName\":\"search_term_string\"}}],\"inLanguage\":\"en-US\"}]}<\/script>\n<!-- \/ Yoast SEO plugin. -->","yoast_head_json":{"title":"General Assembly - Helios Faros","description":"Helios Faros d.d. - General assemblies","robots":{"index":"index","follow":"follow","max-snippet":"max-snippet:-1","max-image-preview":"max-image-preview:large","max-video-preview":"max-video-preview:-1"},"canonical":"https:\/\/heliosfaros.hr\/en\/investitori\/glavne-skupstine\/","og_locale":"en_US","og_type":"article","og_title":"General Assembly - Helios Faros","og_description":"Helios Faros d.d. - General assemblies","og_url":"https:\/\/heliosfaros.hr\/en\/investitori\/glavne-skupstine\/","og_site_name":"Helios Faros","article_modified_time":"2024-06-04T09:40:16+00:00","twitter_card":"summary_large_image","schema":{"@context":"https:\/\/schema.org","@graph":[{"@type":"WebPage","@id":"https:\/\/heliosfaros.hr\/en\/investitori\/glavne-skupstine\/","url":"https:\/\/heliosfaros.hr\/en\/investitori\/glavne-skupstine\/","name":"General Assembly - Helios Faros","isPartOf":{"@id":"https:\/\/heliosfaros.hr\/#website"},"datePublished":"2022-01-21T13:38:14+00:00","dateModified":"2024-06-04T09:40:16+00:00","description":"Helios Faros d.d. - General assemblies","breadcrumb":{"@id":"https:\/\/heliosfaros.hr\/en\/investitori\/glavne-skupstine\/#breadcrumb"},"inLanguage":"en-US","potentialAction":[{"@type":"ReadAction","target":["https:\/\/heliosfaros.hr\/en\/investitori\/glavne-skupstine\/"]}]},{"@type":"BreadcrumbList","@id":"https:\/\/heliosfaros.hr\/en\/investitori\/glavne-skupstine\/#breadcrumb","itemListElement":[{"@type":"ListItem","position":1,"name":"Home","item":"https:\/\/heliosfaros.hr\/en\/"},{"@type":"ListItem","position":2,"name":"Investors","item":"https:\/\/heliosfaros.hr\/en\/investitori\/"},{"@type":"ListItem","position":3,"name":"General Assembly"}]},{"@type":"WebSite","@id":"https:\/\/heliosfaros.hr\/#website","url":"https:\/\/heliosfaros.hr\/","name":"Helios Faros","description":"Stari Grad - Hvar","potentialAction":[{"@type":"SearchAction","target":{"@type":"EntryPoint","urlTemplate":"https:\/\/heliosfaros.hr\/?s={search_term_string}"},"query-input":{"@type":"PropertyValueSpecification","valueRequired":true,"valueName":"search_term_string"}}],"inLanguage":"en-US"}]}},"_links":{"self":[{"href":"https:\/\/heliosfaros.hr\/en\/wp-json\/wp\/v2\/pages\/2356","targetHints":{"allow":["GET"]}}],"collection":[{"href":"https:\/\/heliosfaros.hr\/en\/wp-json\/wp\/v2\/pages"}],"about":[{"href":"https:\/\/heliosfaros.hr\/en\/wp-json\/wp\/v2\/types\/page"}],"author":[{"embeddable":true,"href":"https:\/\/heliosfaros.hr\/en\/wp-json\/wp\/v2\/users\/1"}],"replies":[{"embeddable":true,"href":"https:\/\/heliosfaros.hr\/en\/wp-json\/wp\/v2\/comments?post=2356"}],"version-history":[{"count":2,"href":"https:\/\/heliosfaros.hr\/en\/wp-json\/wp\/v2\/pages\/2356\/revisions"}],"predecessor-version":[{"id":2358,"href":"https:\/\/heliosfaros.hr\/en\/wp-json\/wp\/v2\/pages\/2356\/revisions\/2358"}],"up":[{"embeddable":true,"href":"https:\/\/heliosfaros.hr\/en\/wp-json\/wp\/v2\/pages\/2352"}],"wp:attachment":[{"href":"https:\/\/heliosfaros.hr\/en\/wp-json\/wp\/v2\/media?parent=2356"}],"curies":[{"name":"wp","href":"https:\/\/api.w.org\/{rel}","templated":true}]}}