{"id":2354,"date":"2022-01-21T13:37:51","date_gmt":"2022-01-21T13:37:51","guid":{"rendered":"http:\/\/heliosfaros.hr\/investitori\/financijska-izvjesca\/"},"modified":"2024-06-04T09:38:53","modified_gmt":"2024-06-04T09:38:53","slug":"financijska-izvjesca","status":"publish","type":"page","link":"https:\/\/heliosfaros.hr\/en\/investitori\/financijska-izvjesca\/","title":{"rendered":"Financial reports"},"content":{"rendered":"<div class=\"wpb-content-wrapper\"><p>[vc_row][vc_column]<div class=\"text-block \" ><div class=\"simple-text \"><h2><strong>FINANCIAL REPORTS<\/strong><\/h2>\n<h3>Year 2019.<\/h3>\n<p><a href=\"http:\/\/heliosfaros.hr\/wp-content\/uploads\/2022\/01\/Financijski-izvje\u0161taj-2019-1Y-Godi\u0161nji-izvje\u0161taj-Revidirano-Konsolidirano.pdf\" target=\"_blank\" rel=\"noopener noreferrer\">Financijski izvje\u0161taj &#8211; 2019, 1Y, Godi\u0161nji izvje\u0161taj, Revidirano, Konsolidirano<\/a><\/p>\n<\/div><\/div>[\/vc_column][\/vc_row][vc_row][vc_column]<div class=\"text-block \" ><div class=\"simple-text \"><\/div><\/div>[\/vc_column][\/vc_row][vc_row][vc_column]<div class=\"text-block \" ><div class=\"simple-text \"><h3>Year 2020.<\/h3>\n<p><a href=\"http:\/\/heliosfaros.hr\/wp-content\/uploads\/2022\/01\/Financijski-izvje\u0161taj-2020-1Q-Prvi-kvartal-Nerevidirano-Nekonsolidirano.pdf\">Financijski izvje\u0161taj &#8211; 2020, 1Q, Prvi kvartal, Nerevidirano,<\/a><a href=\"http:\/\/heliosfaros.hr\/wp-content\/uploads\/2022\/01\/Financijski-izvje\u0161taj-2020-1Q-Prvi-kvartal-Nerevidirano-Nekonsolidirano.pdf\"> Nekonsolidirano<\/a><\/p>\n<p><a href=\"http:\/\/heliosfaros.hr\/wp-content\/uploads\/2022\/01\/Financijski-izvje\u0161taj-2020-2Q-Drugi-kvartal-Nerevidirano-Nekonsolidirano.pdf\">Financijski izvje\u0161taj &#8211; 2020, 2Q, Drugi kvartal, Nerevidirano, Nekonsolidirano<\/a><\/p>\n<p><a href=\"http:\/\/heliosfaros.hr\/wp-content\/uploads\/2022\/01\/Financijski-izvje\u0161taj-2020-3Q-Tre\u0107i-kvartal-Nerevidirano-Nekonsolidirano.pdf\">Financijski izvje\u0161taj &#8211; 2020, 3Q, Tre\u0107i kvartal, Nerevidirano, Nekonsolidirano<\/a><\/p>\n<p><a href=\"http:\/\/heliosfaros.hr\/wp-content\/uploads\/2022\/01\/Financijski-izvje\u0161taj-2020-4Q-\u010cetvrti-kvartal-Nerevidirano-Nekonsolidirano.pdf\">Financijski izvje\u0161taj &#8211; 2020, 4Q, \u010cetvrti kvartal, Nerevidirano, Nekonsolidirano<\/a><\/p>\n<p><a href=\"http:\/\/heliosfaros.hr\/wp-content\/uploads\/2022\/01\/Financijski-izvje\u0161taj-2020-1Y-Godi\u0161nji-izvje\u0161taj-Revidirano-Konsolidirano.pdf\">Financijski izvje\u0161taj &#8211; 2020, 1Y, Godi\u0161nji izvje\u0161taj, Revidirano, Konsolidirano<\/a><\/p>\n<p><a href=\"http:\/\/heliosfaros.hr\/wp-content\/uploads\/2022\/01\/Izvje\u0161taj-o-primicima-\u010dlanova-Uprave-i-Nadzornog-odbora-2020.pdf\">Izvje\u0161taj o primicima \u010dlanova Uprave i Nadzornog odbora 2020<\/a><\/p>\n<\/div><\/div>[\/vc_column][\/vc_row][vc_row][vc_column]<div class=\"text-block \" ><div class=\"simple-text \"><\/div><\/div>[\/vc_column][\/vc_row][vc_row][vc_column]<div class=\"text-block \" ><div class=\"simple-text \"><h3>Year 2021.<\/h3>\n<p><a href=\"http:\/\/heliosfaros.hr\/wp-content\/uploads\/2022\/01\/Financijski-izvje\u0161taj-2021-1Q-Prvi-kvartal-Nerevidirano-Nekonsolidirano.pdf\">Financijski izvje\u0161taj &#8211; 2021, 1Q, Prvi kvartal, Nerevidirano, Nekonsolidirano<\/a><\/p>\n<p><a href=\"http:\/\/heliosfaros.hr\/wp-content\/uploads\/2022\/01\/Financijski-izvje\u0161taj-2021-2Q-Drugi-kvartal-Nerevidirano-Nekonsolidirano.pdf\">Financijski izvje\u0161taj &#8211; 2021, 2Q, Drugi kvartal, Nerevidirano, Nekonsolidirano<\/a><\/p>\n<p><a href=\"http:\/\/heliosfaros.hr\/wp-content\/uploads\/2022\/01\/Financijski-izvje\u0161taj-2021-1H-Polugodi\u0161nji-izvje\u0161taj-Nerevidirano-Nekonsolidirano.pdf\">Financijski izvje\u0161taj &#8211; 2021, 1H, Polugodi\u0161nji izvje\u0161taj, Nerevidirano, Nekonsolidirano<\/a><\/p>\n<p><a href=\"http:\/\/heliosfaros.hr\/wp-content\/uploads\/2022\/01\/Financijski-izvje\u0161taj-2021-3Q-Tre\u0107i-kvartal-Nerevidirano-Nekonsolidirano.pdf\">Financijski izvje\u0161taj &#8211; 2021, 3Q, Tre\u0107i kvartal, Nerevidirano, Nekonsolidirano<\/a><\/p>\n<\/div><\/div>[\/vc_column][\/vc_row]<\/p>\n<\/div>","protected":false},"excerpt":{"rendered":"<p>[vc_row][vc_column][\/vc_column][\/vc_row][vc_row][vc_column][\/vc_column][\/vc_row][vc_row][vc_column][\/vc_column][\/vc_row][vc_row][vc_column][\/vc_column][\/vc_row][vc_row][vc_column][\/vc_column][\/vc_row]<\/p>\n","protected":false},"author":1,"featured_media":0,"parent":2352,"menu_order":0,"comment_status":"closed","ping_status":"closed","template":"","meta":{"footnotes":""},"class_list":["post-2354","page","type-page","status-publish","hentry"],"yoast_head":"<!-- This site is optimized with the Yoast SEO plugin v27.2 - https:\/\/yoast.com\/product\/yoast-seo-wordpress\/ -->\n<title>Financial reports - Helios Faros<\/title>\n<meta name=\"description\" content=\"Helios Faros d.d. financial reports\" \/>\n<meta name=\"robots\" content=\"index, follow, max-snippet:-1, max-image-preview:large, max-video-preview:-1\" \/>\n<link rel=\"canonical\" href=\"https:\/\/heliosfaros.hr\/en\/investitori\/financijska-izvjesca\/\" \/>\n<meta property=\"og:locale\" content=\"en_US\" \/>\n<meta property=\"og:type\" content=\"article\" \/>\n<meta property=\"og:title\" content=\"Financial reports - Helios Faros\" \/>\n<meta property=\"og:description\" content=\"Helios Faros d.d. financial reports\" \/>\n<meta property=\"og:url\" content=\"https:\/\/heliosfaros.hr\/en\/investitori\/financijska-izvjesca\/\" \/>\n<meta property=\"og:site_name\" content=\"Helios Faros\" \/>\n<meta property=\"article:modified_time\" content=\"2024-06-04T09:38:53+00:00\" \/>\n<meta name=\"twitter:card\" content=\"summary_large_image\" \/>\n<script type=\"application\/ld+json\" class=\"yoast-schema-graph\">{\"@context\":\"https:\/\/schema.org\",\"@graph\":[{\"@type\":\"WebPage\",\"@id\":\"https:\/\/heliosfaros.hr\/en\/investitori\/financijska-izvjesca\/\",\"url\":\"https:\/\/heliosfaros.hr\/en\/investitori\/financijska-izvjesca\/\",\"name\":\"Financial reports - Helios Faros\",\"isPartOf\":{\"@id\":\"https:\/\/heliosfaros.hr\/#website\"},\"datePublished\":\"2022-01-21T13:37:51+00:00\",\"dateModified\":\"2024-06-04T09:38:53+00:00\",\"description\":\"Helios Faros d.d. financial reports\",\"breadcrumb\":{\"@id\":\"https:\/\/heliosfaros.hr\/en\/investitori\/financijska-izvjesca\/#breadcrumb\"},\"inLanguage\":\"en-US\",\"potentialAction\":[{\"@type\":\"ReadAction\",\"target\":[\"https:\/\/heliosfaros.hr\/en\/investitori\/financijska-izvjesca\/\"]}]},{\"@type\":\"BreadcrumbList\",\"@id\":\"https:\/\/heliosfaros.hr\/en\/investitori\/financijska-izvjesca\/#breadcrumb\",\"itemListElement\":[{\"@type\":\"ListItem\",\"position\":1,\"name\":\"Home\",\"item\":\"https:\/\/heliosfaros.hr\/en\/\"},{\"@type\":\"ListItem\",\"position\":2,\"name\":\"Investors\",\"item\":\"https:\/\/heliosfaros.hr\/en\/investitori\/\"},{\"@type\":\"ListItem\",\"position\":3,\"name\":\"Financial reports\"}]},{\"@type\":\"WebSite\",\"@id\":\"https:\/\/heliosfaros.hr\/#website\",\"url\":\"https:\/\/heliosfaros.hr\/\",\"name\":\"Helios Faros\",\"description\":\"Stari Grad - Hvar\",\"potentialAction\":[{\"@type\":\"SearchAction\",\"target\":{\"@type\":\"EntryPoint\",\"urlTemplate\":\"https:\/\/heliosfaros.hr\/?s={search_term_string}\"},\"query-input\":{\"@type\":\"PropertyValueSpecification\",\"valueRequired\":true,\"valueName\":\"search_term_string\"}}],\"inLanguage\":\"en-US\"}]}<\/script>\n<!-- \/ Yoast SEO plugin. -->","yoast_head_json":{"title":"Financial reports - Helios Faros","description":"Helios Faros d.d. financial reports","robots":{"index":"index","follow":"follow","max-snippet":"max-snippet:-1","max-image-preview":"max-image-preview:large","max-video-preview":"max-video-preview:-1"},"canonical":"https:\/\/heliosfaros.hr\/en\/investitori\/financijska-izvjesca\/","og_locale":"en_US","og_type":"article","og_title":"Financial reports - Helios Faros","og_description":"Helios Faros d.d. financial reports","og_url":"https:\/\/heliosfaros.hr\/en\/investitori\/financijska-izvjesca\/","og_site_name":"Helios Faros","article_modified_time":"2024-06-04T09:38:53+00:00","twitter_card":"summary_large_image","schema":{"@context":"https:\/\/schema.org","@graph":[{"@type":"WebPage","@id":"https:\/\/heliosfaros.hr\/en\/investitori\/financijska-izvjesca\/","url":"https:\/\/heliosfaros.hr\/en\/investitori\/financijska-izvjesca\/","name":"Financial reports - Helios Faros","isPartOf":{"@id":"https:\/\/heliosfaros.hr\/#website"},"datePublished":"2022-01-21T13:37:51+00:00","dateModified":"2024-06-04T09:38:53+00:00","description":"Helios Faros d.d. financial reports","breadcrumb":{"@id":"https:\/\/heliosfaros.hr\/en\/investitori\/financijska-izvjesca\/#breadcrumb"},"inLanguage":"en-US","potentialAction":[{"@type":"ReadAction","target":["https:\/\/heliosfaros.hr\/en\/investitori\/financijska-izvjesca\/"]}]},{"@type":"BreadcrumbList","@id":"https:\/\/heliosfaros.hr\/en\/investitori\/financijska-izvjesca\/#breadcrumb","itemListElement":[{"@type":"ListItem","position":1,"name":"Home","item":"https:\/\/heliosfaros.hr\/en\/"},{"@type":"ListItem","position":2,"name":"Investors","item":"https:\/\/heliosfaros.hr\/en\/investitori\/"},{"@type":"ListItem","position":3,"name":"Financial reports"}]},{"@type":"WebSite","@id":"https:\/\/heliosfaros.hr\/#website","url":"https:\/\/heliosfaros.hr\/","name":"Helios Faros","description":"Stari Grad - Hvar","potentialAction":[{"@type":"SearchAction","target":{"@type":"EntryPoint","urlTemplate":"https:\/\/heliosfaros.hr\/?s={search_term_string}"},"query-input":{"@type":"PropertyValueSpecification","valueRequired":true,"valueName":"search_term_string"}}],"inLanguage":"en-US"}]}},"_links":{"self":[{"href":"https:\/\/heliosfaros.hr\/en\/wp-json\/wp\/v2\/pages\/2354","targetHints":{"allow":["GET"]}}],"collection":[{"href":"https:\/\/heliosfaros.hr\/en\/wp-json\/wp\/v2\/pages"}],"about":[{"href":"https:\/\/heliosfaros.hr\/en\/wp-json\/wp\/v2\/types\/page"}],"author":[{"embeddable":true,"href":"https:\/\/heliosfaros.hr\/en\/wp-json\/wp\/v2\/users\/1"}],"replies":[{"embeddable":true,"href":"https:\/\/heliosfaros.hr\/en\/wp-json\/wp\/v2\/comments?post=2354"}],"version-history":[{"count":2,"href":"https:\/\/heliosfaros.hr\/en\/wp-json\/wp\/v2\/pages\/2354\/revisions"}],"predecessor-version":[{"id":2359,"href":"https:\/\/heliosfaros.hr\/en\/wp-json\/wp\/v2\/pages\/2354\/revisions\/2359"}],"up":[{"embeddable":true,"href":"https:\/\/heliosfaros.hr\/en\/wp-json\/wp\/v2\/pages\/2352"}],"wp:attachment":[{"href":"https:\/\/heliosfaros.hr\/en\/wp-json\/wp\/v2\/media?parent=2354"}],"curies":[{"name":"wp","href":"https:\/\/api.w.org\/{rel}","templated":true}]}}